{"id":706,"date":"2022-09-26T12:11:33","date_gmt":"2022-09-26T10:11:33","guid":{"rendered":"http:\/\/testvictor.eu\/?page_id=706"},"modified":"2022-10-10T15:02:08","modified_gmt":"2022-10-10T13:02:08","slug":"sete-et-le-bassin-de-thau","status":"publish","type":"page","link":"https:\/\/testvictor.eu\/index.php\/sete-et-le-bassin-de-thau\/","title":{"rendered":"S\u00e8te et le bassin de Thau"},"content":{"rendered":"\t\t<div data-elementor-type=\"wp-page\" data-elementor-id=\"706\" class=\"elementor elementor-706\">\n\t\t\t\t\t\t\t\t\t<section class=\"elementor-section elementor-top-section elementor-element elementor-element-6fbaaf7 elementor-section-boxed elementor-section-height-default elementor-section-height-default\" data-id=\"6fbaaf7\" data-element_type=\"section\">\n\t\t\t\t\t\t<div class=\"elementor-container elementor-column-gap-default\">\n\t\t\t\t\t<div class=\"elementor-column elementor-col-100 elementor-top-column elementor-element elementor-element-70cb755\" data-id=\"70cb755\" data-element_type=\"column\">\n\t\t\t<div class=\"elementor-widget-wrap elementor-element-populated\">\n\t\t\t\t\t\t\t\t<div class=\"elementor-element elementor-element-8687748 e-transform elementor-widget elementor-widget-spacer\" data-id=\"8687748\" data-element_type=\"widget\" data-settings=\"{&quot;_transform_translateY_effect&quot;:{&quot;unit&quot;:&quot;px&quot;,&quot;size&quot;:0,&quot;sizes&quot;:[]},&quot;_transform_translateX_effect&quot;:{&quot;unit&quot;:&quot;px&quot;,&quot;size&quot;:&quot;&quot;,&quot;sizes&quot;:[]},&quot;_transform_translateX_effect_tablet&quot;:{&quot;unit&quot;:&quot;px&quot;,&quot;size&quot;:&quot;&quot;,&quot;sizes&quot;:[]},&quot;_transform_translateX_effect_mobile&quot;:{&quot;unit&quot;:&quot;px&quot;,&quot;size&quot;:&quot;&quot;,&quot;sizes&quot;:[]},&quot;_transform_translateY_effect_tablet&quot;:{&quot;unit&quot;:&quot;px&quot;,&quot;size&quot;:&quot;&quot;,&quot;sizes&quot;:[]},&quot;_transform_translateY_effect_mobile&quot;:{&quot;unit&quot;:&quot;px&quot;,&quot;size&quot;:&quot;&quot;,&quot;sizes&quot;:[]}}\" data-widget_type=\"spacer.default\">\n\t\t\t\t<div class=\"elementor-widget-container\">\n\t\t\t<style>\/*! elementor - v3.7.3 - 29-08-2022 *\/\n.elementor-column .elementor-spacer-inner{height:var(--spacer-size)}.e-container{--container-widget-width:100%}.e-container>.elementor-widget-spacer{width:var(--container-widget-width,var(--spacer-size));-ms-flex-item-align:stretch;align-self:stretch;-ms-flex-negative:0;flex-shrink:0}.e-container>.elementor-widget-spacer>.elementor-widget-container,.e-container>.elementor-widget-spacer>.elementor-widget-container>.elementor-spacer{height:100%}.e-container>.elementor-widget-spacer>.elementor-widget-container>.elementor-spacer>.elementor-spacer-inner{height:var(--container-widget-height,var(--spacer-size))}<\/style>\t\t<div class=\"elementor-spacer\">\n\t\t\t<div class=\"elementor-spacer-inner\"><\/div>\n\t\t<\/div>\n\t\t\t\t<\/div>\n\t\t\t\t<\/div>\n\t\t\t\t<div class=\"elementor-element elementor-element-5582354 elementor-widget elementor-widget-text-editor\" data-id=\"5582354\" data-element_type=\"widget\" data-widget_type=\"text-editor.default\">\n\t\t\t\t<div class=\"elementor-widget-container\">\n\t\t\t<style>\/*! elementor - v3.7.3 - 29-08-2022 *\/\n.elementor-widget-text-editor.elementor-drop-cap-view-stacked .elementor-drop-cap{background-color:#818a91;color:#fff}.elementor-widget-text-editor.elementor-drop-cap-view-framed .elementor-drop-cap{color:#818a91;border:3px solid;background-color:transparent}.elementor-widget-text-editor:not(.elementor-drop-cap-view-default) .elementor-drop-cap{margin-top:8px}.elementor-widget-text-editor:not(.elementor-drop-cap-view-default) .elementor-drop-cap-letter{width:1em;height:1em}.elementor-widget-text-editor .elementor-drop-cap{float:left;text-align:center;line-height:1;font-size:50px}.elementor-widget-text-editor .elementor-drop-cap-letter{display:inline-block}<\/style>\t\t\t\t<h2 style=\"text-align: center;\">S\u00e8te<\/h2>\t\t\t\t\t\t<\/div>\n\t\t\t\t<\/div>\n\t\t\t\t<div class=\"elementor-element elementor-element-fd9cc19 elementor-widget elementor-widget-text-editor\" data-id=\"fd9cc19\" data-element_type=\"widget\" data-widget_type=\"text-editor.default\">\n\t\t\t\t<div class=\"elementor-widget-container\">\n\t\t\t\t\t\t\t<p>Seule escapade du cot\u00e9 de l&#8217;H\u00e9rault autoris\u00e9e, oui nous ne parlons que de S\u00e8te, la belle cit\u00e9 sur son rocher entre mer et \u00e9tang.<\/p><p>Si vous \u00eates amateur d&#8217;huitres, oubliez le Bassin d&#8217;Arcachon et retrouvez le go\u00fbt des bonnes choses et la simplicit\u00e9 de\u00a0<a title=\"\" href=\"https:\/\/www.herault-tourisme.com\/fr\/decouvrir\/nos-incontournables\/etang-de-thau\/\" target=\"_blank\" rel=\"noopener\" data-original-title=\"\"><strong>l&#8217;Etang de Thau<\/strong><\/a>.<\/p><p>Profiter de l&#8217;authenticit\u00e9 des cabanes des ostr\u00e9iculteurs lors d&#8217;une d\u00e9gustation, d\u00e9couvrez leurs savoir faire en barque, vivez comme eux entre les charmantes villes de\u00a0<a title=\"\" href=\"https:\/\/www.thau-mediterranee.com\/\" target=\"_blank\" rel=\"noopener\" data-original-title=\"\"><strong>M\u00e8ze, Bouzigues et de Balaruc les Bains<\/strong><\/a>.<\/p><p>Pr\u00e9lassez vous sur\u00a0<a title=\"\" href=\"https:\/\/www.google.com\/maps\/place\/Plage+Baleine\/@43.3836771,3.634517,2409m\/data=!3m1!1e3!4m13!1m7!3m6!1s0x12b13596502ec76b:0x9a6fe1f736276602!2s34200+S%C3%A8te!3b1!8m2!3d43.4078758!4d3.7008219!3m4!1s0x12b136f3c8d22ddf:0x8bbad6e61a57080c!8m2!3d43.3824056!4d3.6407205\" target=\"_blank\" rel=\"noopener\" data-original-title=\"\"><strong>la plage Baleine<\/strong>\u00a0<\/a>ou sur les rochers le long de la\u00a0<a title=\"\" href=\"https:\/\/www.google.com\/maps\/place\/Promenade+du+Mar%C3%A9chal+Leclerc\/@43.3926322,3.686765,17.12z\/data=!4m13!1m7!3m6!1s0x12b13596502ec76b:0x9a6fe1f736276602!2s34200+S%C3%A8te!3b1!8m2!3d43.4078758!4d3.7008219!3m4!1s0x12b135cea10eeeb1:0x357fd07d6ca95b93!8m2!3d43.3926887!4d3.6865529\" target=\"_blank\" rel=\"noopener\" data-original-title=\"\"><strong>Promenade du Mar\u00e9chal Leclerc<\/strong>\u00a0<\/a>o\u00f9 vous trouverez le plus beau th\u00e9\u00e2tre de France avec une vue imprenable,\u00a0<a title=\"\" href=\"https:\/\/www.letheatredelamer.fr\/\" target=\"_blank\" rel=\"noopener\" data-original-title=\"\"><strong>Le Th\u00e9\u00e2tre de la Mer<\/strong>\u00a0<\/a>qui re\u00e7oit chaque ann\u00e9e\u00a0<a title=\"\" href=\"https:\/\/www.jazzasete.com\/\" target=\"_blank\" rel=\"noopener\" data-original-title=\"\"><strong>un festival mondialement reconnu de Jazz<\/strong>\u00a0<\/a>et le festival du\u00a0<a title=\"\" href=\"http:\/\/worldwidefestival.com\/fr\/accueil\/\" target=\"_blank\" rel=\"noopener\" data-original-title=\"\"><strong>Worldwide<\/strong>\u00a0<\/a>en juillet.<\/p><p><a title=\"\" href=\"https:\/\/www.tourisme-sete.com\/fetes-de-la-saint-louis-sete.html\" target=\"_blank\" rel=\"noopener\" data-original-title=\"\"><strong>La Saint Louis<\/strong>\u00a0<\/a>mi-aout est un autre moment \u00e0 ne manquer sous aucun pr\u00e9texte avec les fameuses\u00a0<a title=\"\" href=\"https:\/\/www.tourisme-sete.com\/joute-nautiques-fete-tradition.html\" target=\"_blank\" rel=\"noopener\" data-original-title=\"\"><strong>joutes s\u00e9toise<\/strong><\/a><strong><a title=\"\" href=\"https:\/\/www.tourisme-sete.com\/joute-nautiques-fete-tradition.html\" target=\"_blank\" rel=\"noopener\" data-original-title=\"\">s<\/a>\u00a0<\/strong>qui se pratiquent du bassin de Thau \u00e0 la Camargue.<\/p><h4 style=\"text-align: center;\"><strong>Nos adresses pr\u00e9f\u00e9r\u00e9es sur le Bassin et \u00e0 S\u00e8te :\u00a0<\/strong><\/h4><p style=\"text-align: center;\"><a title=\"\" href=\"https:\/\/ateliernco.com\/\" target=\"_blank\" rel=\"noopener\" data-original-title=\"\"><strong>Atelier &amp; Co<\/strong><\/a><\/p><p style=\"text-align: center;\"><a title=\"\" href=\"https:\/\/www.domaine-tarbouriech.fr\/\" target=\"_blank\" rel=\"noopener\" data-original-title=\"\"><strong>Tarbouriech (Le Saint Pierre ou Le Saint Barth)<\/strong><\/a><\/p><p style=\"text-align: center;\"><a title=\"\" href=\"https:\/\/www.sete.fr\/culture-et-patrimoine\/grands-evenements-et-patrimoine\/les-halles-de-sete\/\" target=\"_blank\" rel=\"noopener\" data-original-title=\"\"><strong>Les Halles de S\u00e8te<\/strong>\u00a0<\/a>pour acheter les d\u00e9licieuses tielles\u00a0<\/p><p style=\"text-align: center;\"><a title=\"\" href=\"https:\/\/bienvenuasete.com\/\" target=\"_blank\" rel=\"noopener\" data-original-title=\"\"><strong>Bien venu<\/strong><\/a><\/p>\t\t\t\t\t\t<\/div>\n\t\t\t\t<\/div>\n\t\t\t\t<div class=\"elementor-element elementor-element-a09be5d elementor-align-center elementor-widget elementor-widget-button\" data-id=\"a09be5d\" data-element_type=\"widget\" data-widget_type=\"button.default\">\n\t\t\t\t<div class=\"elementor-widget-container\">\n\t\t\t\t\t<div class=\"elementor-button-wrapper\">\n\t\t\t<a href=\"https:\/\/www.tourisme-sete.com\/\" class=\"elementor-button-link elementor-button elementor-size-sm\" role=\"button\">\n\t\t\t\t\t\t<span class=\"elementor-button-content-wrapper\">\n\t\t\t\t\t\t<span class=\"elementor-button-text\">En savoir plus<\/span>\n\t\t<\/span>\n\t\t\t\t\t<\/a>\n\t\t<\/div>\n\t\t\t\t<\/div>\n\t\t\t\t<\/div>\n\t\t\t\t<div class=\"elementor-element elementor-element-7d3399c elementor-widget elementor-widget-text-editor\" data-id=\"7d3399c\" data-element_type=\"widget\" data-widget_type=\"text-editor.default\">\n\t\t\t\t<div class=\"elementor-widget-container\">\n\t\t\t\t\t\t\t<p style=\"text-align: center;\"><div id=\"metaslider-id-712\" style=\"width: 100%;\" class=\"ml-slider-3-27-8 metaslider metaslider-flex metaslider-712 ml-slider\">\n    <div id=\"metaslider_container_712\">\n        <div id=\"metaslider_712\">\n            <ul aria-live=\"polite\" class=\"slides\">\n                <li style=\"display: block; width: 100%;\" class=\"slide-722 ms-image\"><img loading=\"lazy\" decoding=\"async\" src=\"https:\/\/testvictor.eu\/wp-content\/uploads\/2022\/09\/2-8-1200x400.webp\" height=\"400\" width=\"1200\" alt=\"bouzigue huitre sete tourisme dormir nimes hotel\" class=\"slider-712 slide-722\" title=\"bouzigue huitre sete tourisme dormir nimes hotel\" \/><\/li>\n                <li style=\"display: none; width: 100%;\" class=\"slide-723 ms-image\"><img loading=\"lazy\" decoding=\"async\" src=\"https:\/\/testvictor.eu\/wp-content\/uploads\/2022\/09\/3-7-1024x341.webp\" height=\"400\" width=\"1200\" alt=\"bouzigue huitre sete tourisme dormir nimes hotel\" class=\"slider-712 slide-723\" title=\"bouzigue huitre sete tourisme dormir nimes hotel\" \/><\/li>\n                <li style=\"display: none; width: 100%;\" class=\"slide-724 ms-image\"><img loading=\"lazy\" decoding=\"async\" src=\"https:\/\/testvictor.eu\/wp-content\/uploads\/2022\/09\/4-7-1200x400.webp\" height=\"400\" width=\"1200\" alt=\"bouzigue huitre sete tourisme dormir nimes hotel\" class=\"slider-712 slide-724\" title=\"bouzigue huitre sete tourisme dormir nimes hotel\" \/><\/li>\n                <li style=\"display: none; width: 100%;\" class=\"slide-725 ms-image\"><img loading=\"lazy\" decoding=\"async\" src=\"https:\/\/testvictor.eu\/wp-content\/uploads\/2022\/09\/a2jrd2hgvclkibtedo8q-1024x341.webp\" height=\"400\" width=\"1200\" alt=\"bouzigue huitre sete tourisme dormir nimes hotel\" class=\"slider-712 slide-725\" title=\"bouzigue huitre sete tourisme dormir nimes hotel\" \/><\/li>\n                <li style=\"display: none; width: 100%;\" class=\"slide-726 ms-image\"><img loading=\"lazy\" decoding=\"async\" src=\"https:\/\/testvictor.eu\/wp-content\/uploads\/2022\/09\/azmnlyv6mvfj3ilzkxoo-1200x400.webp\" height=\"400\" width=\"1200\" alt=\"bouzigue huitre sete tourisme dormir nimes hotel\" class=\"slider-712 slide-726\" title=\"bouzigue huitre sete tourisme dormir nimes hotel\" \/><\/li>\n                <li style=\"display: none; width: 100%;\" class=\"slide-727 ms-image\"><img loading=\"lazy\" decoding=\"async\" src=\"https:\/\/testvictor.eu\/wp-content\/uploads\/2022\/09\/l4znkp940drgdzg53g6t-768x256.webp\" height=\"400\" width=\"1200\" alt=\"bouzigue huitre sete tourisme dormir nimes hotel\" class=\"slider-712 slide-727\" title=\"bouzigue huitre sete tourisme dormir nimes hotel\" \/><\/li>\n                <li style=\"display: none; width: 100%;\" class=\"slide-728 ms-image\"><img loading=\"lazy\" decoding=\"async\" src=\"https:\/\/testvictor.eu\/wp-content\/uploads\/2022\/09\/lqjmck2cevuuwd6wwvb5-1024x341.webp\" height=\"400\" width=\"1200\" alt=\"bouzigue huitre sete tourisme dormir nimes hotel\" class=\"slider-712 slide-728\" title=\"bouzigue huitre sete tourisme dormir nimes hotel\" \/><\/li>\n                <li style=\"display: none; width: 100%;\" class=\"slide-729 ms-image\"><img loading=\"lazy\" decoding=\"async\" src=\"https:\/\/testvictor.eu\/wp-content\/uploads\/2022\/09\/wqrtbzpct22twl9a3isd-1200x400.webp\" height=\"400\" width=\"1200\" alt=\"bouzigue huitre sete tourisme dormir nimes hotel\" class=\"slider-712 slide-729\" title=\"\u00e9tang de thau bouzigues huitres\" \/><\/li>\n                <li style=\"display: none; width: 100%;\" class=\"slide-730 ms-image\"><img loading=\"lazy\" decoding=\"async\" src=\"https:\/\/testvictor.eu\/wp-content\/uploads\/2022\/09\/za1tsc7oajuous07m0ln-768x256.webp\" height=\"400\" width=\"1200\" alt=\"bouzigue huitre sete tourisme dormir nimes hotel\" class=\"slider-712 slide-730\" title=\"bouzigue huitre sete tourisme dormir nimes hotel\" \/><\/li>\n            <\/ul>\n        <\/div>\n        \n    <\/div>\n<\/div><\/p>\t\t\t\t\t\t<\/div>\n\t\t\t\t<\/div>\n\t\t\t\t\t<\/div>\n\t\t<\/div>\n\t\t\t\t\t\t\t<\/div>\n\t\t<\/section>\n\t\t\t\t\t\t\t<\/div>\n\t\t","protected":false},"excerpt":{"rendered":"<p>S\u00e8te Seule escapade du cot\u00e9 de l&#8217;H\u00e9rault autoris\u00e9e, oui nous ne parlons que de S\u00e8te, la belle cit\u00e9 sur son rocher entre mer et \u00e9tang. Si vous \u00eates amateur d&#8217;huitres, oubliez le Bassin d&#8217;Arcachon et retrouvez le go\u00fbt des bonnes choses et la simplicit\u00e9 de\u00a0l&#8217;Etang de Thau. Profiter de l&#8217;authenticit\u00e9 des cabanes des ostr\u00e9iculteurs lors &hellip;<\/p>\n<p class=\"read-more\"> <a class=\"\" href=\"https:\/\/testvictor.eu\/index.php\/sete-et-le-bassin-de-thau\/\"> <span class=\"screen-reader-text\">S\u00e8te et le bassin de Thau<\/span> Read More &raquo;<\/a><\/p>\n","protected":false},"author":1,"featured_media":0,"parent":0,"menu_order":0,"comment_status":"closed","ping_status":"closed","template":"","meta":{"site-sidebar-layout":"no-sidebar","site-content-layout":"page-builder","ast-global-header-display":"","ast-main-header-display":"","ast-hfb-above-header-display":"","ast-hfb-below-header-display":"","ast-hfb-mobile-header-display":"","site-post-title":"disabled","ast-breadcrumbs-content":"","ast-featured-img":"disabled","footer-sml-layout":"","theme-transparent-header-meta":"","adv-header-id-meta":"","stick-header-meta":"","header-above-stick-meta":"","header-main-stick-meta":"","header-below-stick-meta":"","ngg_post_thumbnail":0,"footnotes":""},"class_list":["post-706","page","type-page","status-publish","hentry"],"uagb_featured_image_src":{"full":false,"thumbnail":false,"medium":false,"medium_large":false,"large":false,"1536x1536":false,"2048x2048":false},"uagb_author_info":{"display_name":"admin3543","author_link":"https:\/\/testvictor.eu\/index.php\/author\/admin3543\/"},"uagb_comment_info":0,"uagb_excerpt":"S\u00e8te Seule escapade du cot\u00e9 de l&#8217;H\u00e9rault autoris\u00e9e, oui nous ne parlons que de S\u00e8te, la belle cit\u00e9 sur son rocher entre mer et \u00e9tang. Si vous \u00eates amateur d&#8217;huitres, oubliez le Bassin d&#8217;Arcachon et retrouvez le go\u00fbt des bonnes choses et la simplicit\u00e9 de\u00a0l&#8217;Etang de Thau. Profiter de l&#8217;authenticit\u00e9 des cabanes des ostr\u00e9iculteurs lors&hellip;","_links":{"self":[{"href":"https:\/\/testvictor.eu\/index.php\/wp-json\/wp\/v2\/pages\/706","targetHints":{"allow":["GET"]}}],"collection":[{"href":"https:\/\/testvictor.eu\/index.php\/wp-json\/wp\/v2\/pages"}],"about":[{"href":"https:\/\/testvictor.eu\/index.php\/wp-json\/wp\/v2\/types\/page"}],"author":[{"embeddable":true,"href":"https:\/\/testvictor.eu\/index.php\/wp-json\/wp\/v2\/users\/1"}],"replies":[{"embeddable":true,"href":"https:\/\/testvictor.eu\/index.php\/wp-json\/wp\/v2\/comments?post=706"}],"version-history":[{"count":13,"href":"https:\/\/testvictor.eu\/index.php\/wp-json\/wp\/v2\/pages\/706\/revisions"}],"predecessor-version":[{"id":1136,"href":"https:\/\/testvictor.eu\/index.php\/wp-json\/wp\/v2\/pages\/706\/revisions\/1136"}],"wp:attachment":[{"href":"https:\/\/testvictor.eu\/index.php\/wp-json\/wp\/v2\/media?parent=706"}],"curies":[{"name":"wp","href":"https:\/\/api.w.org\/{rel}","templated":true}]}}