{"id":579,"date":"2022-09-13T19:07:47","date_gmt":"2022-09-13T17:07:47","guid":{"rendered":"http:\/\/testvictor.eu\/?page_id=579"},"modified":"2022-11-24T15:04:17","modified_gmt":"2022-11-24T14:04:17","slug":"un-havre-au-coeur-de-lecusson","status":"publish","type":"page","link":"https:\/\/testvictor.eu\/index.php\/un-havre-au-coeur-de-lecusson\/","title":{"rendered":"Un havre au c\u0153ur de l&#8217;\u00e9cusson"},"content":{"rendered":"\t\t<div data-elementor-type=\"wp-page\" data-elementor-id=\"579\" class=\"elementor elementor-579\">\n\t\t\t\t\t\t\t\t\t<section class=\"elementor-section elementor-top-section elementor-element elementor-element-2fa257c elementor-section-boxed elementor-section-height-default elementor-section-height-default\" data-id=\"2fa257c\" data-element_type=\"section\">\n\t\t\t\t\t\t<div class=\"elementor-container elementor-column-gap-default\">\n\t\t\t\t\t<div class=\"elementor-column elementor-col-100 elementor-top-column elementor-element elementor-element-bd2b227\" data-id=\"bd2b227\" data-element_type=\"column\">\n\t\t\t<div class=\"elementor-widget-wrap elementor-element-populated\">\n\t\t\t\t\t\t\t\t<div class=\"elementor-element elementor-element-48ac5ab e-transform elementor-widget elementor-widget-spacer\" data-id=\"48ac5ab\" data-element_type=\"widget\" data-settings=\"{&quot;_transform_translateY_effect&quot;:{&quot;unit&quot;:&quot;px&quot;,&quot;size&quot;:0,&quot;sizes&quot;:[]},&quot;_transform_translateX_effect&quot;:{&quot;unit&quot;:&quot;px&quot;,&quot;size&quot;:&quot;&quot;,&quot;sizes&quot;:[]},&quot;_transform_translateX_effect_tablet&quot;:{&quot;unit&quot;:&quot;px&quot;,&quot;size&quot;:&quot;&quot;,&quot;sizes&quot;:[]},&quot;_transform_translateX_effect_mobile&quot;:{&quot;unit&quot;:&quot;px&quot;,&quot;size&quot;:&quot;&quot;,&quot;sizes&quot;:[]},&quot;_transform_translateY_effect_tablet&quot;:{&quot;unit&quot;:&quot;px&quot;,&quot;size&quot;:&quot;&quot;,&quot;sizes&quot;:[]},&quot;_transform_translateY_effect_mobile&quot;:{&quot;unit&quot;:&quot;px&quot;,&quot;size&quot;:&quot;&quot;,&quot;sizes&quot;:[]}}\" data-widget_type=\"spacer.default\">\n\t\t\t\t<div class=\"elementor-widget-container\">\n\t\t\t<style>\/*! elementor - v3.7.3 - 29-08-2022 *\/\n.elementor-column .elementor-spacer-inner{height:var(--spacer-size)}.e-container{--container-widget-width:100%}.e-container>.elementor-widget-spacer{width:var(--container-widget-width,var(--spacer-size));-ms-flex-item-align:stretch;align-self:stretch;-ms-flex-negative:0;flex-shrink:0}.e-container>.elementor-widget-spacer>.elementor-widget-container,.e-container>.elementor-widget-spacer>.elementor-widget-container>.elementor-spacer{height:100%}.e-container>.elementor-widget-spacer>.elementor-widget-container>.elementor-spacer>.elementor-spacer-inner{height:var(--container-widget-height,var(--spacer-size))}<\/style>\t\t<div class=\"elementor-spacer\">\n\t\t\t<div class=\"elementor-spacer-inner\"><\/div>\n\t\t<\/div>\n\t\t\t\t<\/div>\n\t\t\t\t<\/div>\n\t\t\t\t<div class=\"elementor-element elementor-element-baccca9 elementor-widget elementor-widget-text-editor\" data-id=\"baccca9\" data-element_type=\"widget\" data-widget_type=\"text-editor.default\">\n\t\t\t\t<div class=\"elementor-widget-container\">\n\t\t\t<style>\/*! elementor - v3.7.3 - 29-08-2022 *\/\n.elementor-widget-text-editor.elementor-drop-cap-view-stacked .elementor-drop-cap{background-color:#818a91;color:#fff}.elementor-widget-text-editor.elementor-drop-cap-view-framed .elementor-drop-cap{color:#818a91;border:3px solid;background-color:transparent}.elementor-widget-text-editor:not(.elementor-drop-cap-view-default) .elementor-drop-cap{margin-top:8px}.elementor-widget-text-editor:not(.elementor-drop-cap-view-default) .elementor-drop-cap-letter{width:1em;height:1em}.elementor-widget-text-editor .elementor-drop-cap{float:left;text-align:center;line-height:1;font-size:50px}.elementor-widget-text-editor .elementor-drop-cap-letter{display:inline-block}<\/style>\t\t\t\t<h4 style=\"text-align: center;\">Un havre au c\u0153ur de l&#8217;\u00e9cusson<\/h4><h5 style=\"text-align: center;\"><span style=\"color: #000000;\"><img decoding=\"async\" class=\"emoji\" role=\"img\" draggable=\"false\" src=\"https:\/\/s.w.org\/images\/core\/emoji\/14.0.0\/svg\/2b50.svg\" alt=\"\u2b50\" \/><img decoding=\"async\" class=\"emoji\" role=\"img\" draggable=\"false\" src=\"https:\/\/s.w.org\/images\/core\/emoji\/14.0.0\/svg\/2b50.svg\" alt=\"\u2b50\" \/><img decoding=\"async\" class=\"emoji\" role=\"img\" draggable=\"false\" src=\"https:\/\/s.w.org\/images\/core\/emoji\/14.0.0\/svg\/2b50.svg\" alt=\"\u2b50\" \/><img decoding=\"async\" class=\"emoji\" role=\"img\" draggable=\"false\" src=\"https:\/\/s.w.org\/images\/core\/emoji\/14.0.0\/svg\/2b50.svg\" alt=\"\u2b50\" \/><br \/><\/span><br \/>35 M2 | 1 X LIT DOUBLE | 2 PERSONNES<br \/><br \/><\/h5>\t\t\t\t\t\t<\/div>\n\t\t\t\t<\/div>\n\t\t\t\t<div class=\"elementor-element elementor-element-d402bb9 elementor-widget elementor-widget-html\" data-id=\"d402bb9\" data-element_type=\"widget\" data-widget_type=\"html.default\">\n\t\t\t\t<div class=\"elementor-widget-container\">\n\t\t\t<iframe loading=\"lazy\" id=\"bookingengine\" allowfullscreen src=\"https:\/\/app.superhote.com\/#\/rental\/propertyKeyLwVe6up3Y9nnL1Sa0g3vn9AON?startDate=&endDate=&adultsNumber=1&childrenNumber=0&lang=fr\" style=\"display:block\" width=\"100%\" height=\"2000\"frameborder=\"0\"><\/iframe>\t\t<\/div>\n\t\t\t\t<\/div>\n\t\t\t\t<div class=\"elementor-element elementor-element-be4b4c9 elementor-arrows-position-inside elementor-pagination-position-outside elementor-widget elementor-widget-image-carousel\" data-id=\"be4b4c9\" data-element_type=\"widget\" data-settings=\"{&quot;slides_to_show&quot;:&quot;4&quot;,&quot;autoplay_speed&quot;:7000,&quot;speed&quot;:600,&quot;image_spacing_custom&quot;:{&quot;unit&quot;:&quot;px&quot;,&quot;size&quot;:15,&quot;sizes&quot;:[]},&quot;navigation&quot;:&quot;both&quot;,&quot;autoplay&quot;:&quot;yes&quot;,&quot;pause_on_hover&quot;:&quot;yes&quot;,&quot;pause_on_interaction&quot;:&quot;yes&quot;,&quot;infinite&quot;:&quot;yes&quot;}\" data-widget_type=\"image-carousel.default\">\n\t\t\t\t<div class=\"elementor-widget-container\">\n\t\t\t<style>\/*! elementor - v3.7.3 - 29-08-2022 *\/\n.elementor-widget-image-carousel .swiper-container{position:static}.elementor-widget-image-carousel .swiper-container .swiper-slide figure{line-height:inherit}.elementor-widget-image-carousel .swiper-slide{text-align:center}.elementor-image-carousel-wrapper:not(.swiper-container-initialized) .swiper-slide{max-width:calc(100% \/ var(--e-image-carousel-slides-to-show, 3))}<\/style>\t\t<div class=\"elementor-image-carousel-wrapper swiper-container\" dir=\"ltr\">\n\t\t\t<div class=\"elementor-image-carousel swiper-wrapper\">\n\t\t\t\t\t\t\t\t<div class=\"swiper-slide\"><figure class=\"swiper-slide-inner\"><img decoding=\"async\" class=\"swiper-slide-image\" src=\"https:\/\/testvictor.eu\/wp-content\/uploads\/2022\/09\/10.webp\" alt=\"10\" \/><\/figure><\/div><div class=\"swiper-slide\"><figure class=\"swiper-slide-inner\"><img decoding=\"async\" class=\"swiper-slide-image\" src=\"https:\/\/testvictor.eu\/wp-content\/uploads\/2022\/09\/9-1.webp\" alt=\"9\" \/><\/figure><\/div><div class=\"swiper-slide\"><figure class=\"swiper-slide-inner\"><img decoding=\"async\" class=\"swiper-slide-image\" src=\"https:\/\/testvictor.eu\/wp-content\/uploads\/2022\/09\/8-1.webp\" alt=\"8\" \/><\/figure><\/div><div class=\"swiper-slide\"><figure class=\"swiper-slide-inner\"><img decoding=\"async\" class=\"swiper-slide-image\" src=\"https:\/\/testvictor.eu\/wp-content\/uploads\/2022\/09\/6-2.webp\" alt=\"6\" \/><\/figure><\/div><div class=\"swiper-slide\"><figure class=\"swiper-slide-inner\"><img decoding=\"async\" class=\"swiper-slide-image\" src=\"https:\/\/testvictor.eu\/wp-content\/uploads\/2022\/09\/1-2.webp\" alt=\"1\" \/><\/figure><\/div>\t\t\t<\/div>\n\t\t\t\t\t\t\t\t\t\t\t\t<div class=\"swiper-pagination\"><\/div>\n\t\t\t\t\t\t\t\t\t\t\t\t\t<div class=\"elementor-swiper-button elementor-swiper-button-prev\">\n\t\t\t\t\t\t<i aria-hidden=\"true\" class=\"eicon-chevron-left\"><\/i>\t\t\t\t\t\t<span class=\"elementor-screen-only\">Previous<\/span>\n\t\t\t\t\t<\/div>\n\t\t\t\t\t<div class=\"elementor-swiper-button elementor-swiper-button-next\">\n\t\t\t\t\t\t<i aria-hidden=\"true\" class=\"eicon-chevron-right\"><\/i>\t\t\t\t\t\t<span class=\"elementor-screen-only\">Next<\/span>\n\t\t\t\t\t<\/div>\n\t\t\t\t\t\t\t\t\t<\/div>\n\t\t\t\t<\/div>\n\t\t\t\t<\/div>\n\t\t\t\t<div class=\"elementor-element elementor-element-3aabda7 elementor-widget elementor-widget-text-editor\" data-id=\"3aabda7\" data-element_type=\"widget\" data-widget_type=\"text-editor.default\">\n\t\t\t\t<div class=\"elementor-widget-container\">\n\t\t\t\t\t\t\t<h5>Appartement confortable de 35m2 pens\u00e9 pour une escapade au calme en plein centre ville de N\u00eemes.<\/h5><h5>Situ\u00e9 id\u00e9alement dans l\u2019\u00e9cusson vous serez a proximit\u00e9 de toutes les activit\u00e9s touristiques que la ville offre.<\/h5><h5>Lumineux et donnant sur une rue peu passante.<\/h5><h5>Commerces \u00e0 proximit\u00e9 dont les Halles de N\u00eemes, lieu incontournable de la vie gastronomique N\u00eemoise.<\/h5><h5 style=\"text-align: center;\"><br \/>Equipements :<br \/>Ventilateur<br \/>Salon<br \/>Bureau<br \/>Douche<\/h5>\t\t\t\t\t\t<\/div>\n\t\t\t\t<\/div>\n\t\t\t\t<div class=\"elementor-element elementor-element-ecb932d elementor-widget elementor-widget-image\" data-id=\"ecb932d\" data-element_type=\"widget\" data-widget_type=\"image.default\">\n\t\t\t\t<div class=\"elementor-widget-container\">\n\t\t\t<style>\/*! elementor - v3.7.3 - 29-08-2022 *\/\n.elementor-widget-image{text-align:center}.elementor-widget-image a{display:inline-block}.elementor-widget-image a img[src$=\".svg\"]{width:48px}.elementor-widget-image img{vertical-align:middle;display:inline-block}<\/style>\t\t\t\t\t\t\t\t\t\t\t\t<img loading=\"lazy\" decoding=\"async\" width=\"1024\" height=\"576\" src=\"https:\/\/testvictor.eu\/wp-content\/uploads\/2022\/09\/77134-Nimes-1024x576.webp\" class=\"attachment-large size-large\" alt=\"\" srcset=\"https:\/\/testvictor.eu\/wp-content\/uploads\/2022\/09\/77134-Nimes-1024x576.webp 1024w, https:\/\/testvictor.eu\/wp-content\/uploads\/2022\/09\/77134-Nimes-300x169.webp 300w, https:\/\/testvictor.eu\/wp-content\/uploads\/2022\/09\/77134-Nimes-768x432.webp 768w, https:\/\/testvictor.eu\/wp-content\/uploads\/2022\/09\/77134-Nimes-1536x864.webp 1536w, https:\/\/testvictor.eu\/wp-content\/uploads\/2022\/09\/77134-Nimes-2048x1152.webp 2048w\" sizes=\"auto, (max-width: 1024px) 100vw, 1024px\" \/>\t\t\t\t\t\t\t\t\t\t\t\t\t\t\t<\/div>\n\t\t\t\t<\/div>\n\t\t\t\t\t<\/div>\n\t\t<\/div>\n\t\t\t\t\t\t\t<\/div>\n\t\t<\/section>\n\t\t\t\t\t\t\t<\/div>\n\t\t","protected":false},"excerpt":{"rendered":"<p>Un havre au c\u0153ur de l&#8217;\u00e9cusson 35 M2 | 1 X LIT DOUBLE | 2 PERSONNES Pr\u00e9c\u00e9dent Suivant Appartement confortable de 35m2 pens\u00e9 pour une escapade au calme en plein centre ville de N\u00eemes. Situ\u00e9 id\u00e9alement dans l\u2019\u00e9cusson vous serez a proximit\u00e9 de toutes les activit\u00e9s touristiques que la ville offre. Lumineux et donnant sur &hellip;<\/p>\n<p class=\"read-more\"> <a class=\"\" href=\"https:\/\/testvictor.eu\/index.php\/un-havre-au-coeur-de-lecusson\/\"> <span class=\"screen-reader-text\">Un havre au c\u0153ur de l&#8217;\u00e9cusson<\/span> Read More &raquo;<\/a><\/p>\n","protected":false},"author":1,"featured_media":0,"parent":0,"menu_order":0,"comment_status":"closed","ping_status":"closed","template":"","meta":{"site-sidebar-layout":"no-sidebar","site-content-layout":"page-builder","ast-global-header-display":"","ast-main-header-display":"","ast-hfb-above-header-display":"","ast-hfb-below-header-display":"","ast-hfb-mobile-header-display":"","site-post-title":"disabled","ast-breadcrumbs-content":null,"ast-featured-img":"disabled","footer-sml-layout":null,"theme-transparent-header-meta":"","adv-header-id-meta":null,"stick-header-meta":null,"header-above-stick-meta":null,"header-main-stick-meta":null,"header-below-stick-meta":null,"ngg_post_thumbnail":0,"footnotes":""},"class_list":["post-579","page","type-page","status-publish","hentry"],"uagb_featured_image_src":{"full":false,"thumbnail":false,"medium":false,"medium_large":false,"large":false,"1536x1536":false,"2048x2048":false},"uagb_author_info":{"display_name":"admin3543","author_link":"https:\/\/testvictor.eu\/index.php\/author\/admin3543\/"},"uagb_comment_info":0,"uagb_excerpt":"Un havre au c\u0153ur de l&#8217;\u00e9cusson 35 M2 | 1 X LIT DOUBLE | 2 PERSONNES Pr\u00e9c\u00e9dent Suivant Appartement confortable de 35m2 pens\u00e9 pour une escapade au calme en plein centre ville de N\u00eemes. Situ\u00e9 id\u00e9alement dans l\u2019\u00e9cusson vous serez a proximit\u00e9 de toutes les activit\u00e9s touristiques que la ville offre. Lumineux et donnant sur&hellip;","_links":{"self":[{"href":"https:\/\/testvictor.eu\/index.php\/wp-json\/wp\/v2\/pages\/579","targetHints":{"allow":["GET"]}}],"collection":[{"href":"https:\/\/testvictor.eu\/index.php\/wp-json\/wp\/v2\/pages"}],"about":[{"href":"https:\/\/testvictor.eu\/index.php\/wp-json\/wp\/v2\/types\/page"}],"author":[{"embeddable":true,"href":"https:\/\/testvictor.eu\/index.php\/wp-json\/wp\/v2\/users\/1"}],"replies":[{"embeddable":true,"href":"https:\/\/testvictor.eu\/index.php\/wp-json\/wp\/v2\/comments?post=579"}],"version-history":[{"count":26,"href":"https:\/\/testvictor.eu\/index.php\/wp-json\/wp\/v2\/pages\/579\/revisions"}],"predecessor-version":[{"id":1470,"href":"https:\/\/testvictor.eu\/index.php\/wp-json\/wp\/v2\/pages\/579\/revisions\/1470"}],"wp:attachment":[{"href":"https:\/\/testvictor.eu\/index.php\/wp-json\/wp\/v2\/media?parent=579"}],"curies":[{"name":"wp","href":"https:\/\/api.w.org\/{rel}","templated":true}]}}