{"id":546,"date":"2022-09-09T17:33:55","date_gmt":"2022-09-09T15:33:55","guid":{"rendered":"http:\/\/testvictor.eu\/?page_id=546"},"modified":"2022-11-24T15:04:50","modified_gmt":"2022-11-24T14:04:50","slug":"le-charme-de-lancien-nimes-ecusson","status":"publish","type":"page","link":"https:\/\/testvictor.eu\/index.php\/le-charme-de-lancien-nimes-ecusson\/","title":{"rendered":"Le charme de l&#8217;ancien au c\u0153ur de l&#8217;\u00e9cusson"},"content":{"rendered":"\t\t<div data-elementor-type=\"wp-page\" data-elementor-id=\"546\" class=\"elementor elementor-546\">\n\t\t\t\t\t\t\t\t\t<section class=\"elementor-section elementor-top-section elementor-element elementor-element-41e474a elementor-section-boxed elementor-section-height-default elementor-section-height-default\" data-id=\"41e474a\" data-element_type=\"section\">\n\t\t\t\t\t\t<div class=\"elementor-container elementor-column-gap-default\">\n\t\t\t\t\t<div class=\"elementor-column elementor-col-100 elementor-top-column elementor-element elementor-element-32ad2cc\" data-id=\"32ad2cc\" data-element_type=\"column\">\n\t\t\t<div class=\"elementor-widget-wrap elementor-element-populated\">\n\t\t\t\t\t\t\t\t<div class=\"elementor-element elementor-element-d398114 e-transform elementor-widget elementor-widget-spacer\" data-id=\"d398114\" data-element_type=\"widget\" data-settings=\"{&quot;_transform_translateY_effect&quot;:{&quot;unit&quot;:&quot;px&quot;,&quot;size&quot;:0,&quot;sizes&quot;:[]},&quot;_transform_translateX_effect&quot;:{&quot;unit&quot;:&quot;px&quot;,&quot;size&quot;:&quot;&quot;,&quot;sizes&quot;:[]},&quot;_transform_translateX_effect_tablet&quot;:{&quot;unit&quot;:&quot;px&quot;,&quot;size&quot;:&quot;&quot;,&quot;sizes&quot;:[]},&quot;_transform_translateX_effect_mobile&quot;:{&quot;unit&quot;:&quot;px&quot;,&quot;size&quot;:&quot;&quot;,&quot;sizes&quot;:[]},&quot;_transform_translateY_effect_tablet&quot;:{&quot;unit&quot;:&quot;px&quot;,&quot;size&quot;:&quot;&quot;,&quot;sizes&quot;:[]},&quot;_transform_translateY_effect_mobile&quot;:{&quot;unit&quot;:&quot;px&quot;,&quot;size&quot;:&quot;&quot;,&quot;sizes&quot;:[]}}\" data-widget_type=\"spacer.default\">\n\t\t\t\t<div class=\"elementor-widget-container\">\n\t\t\t<style>\/*! elementor - v3.7.3 - 29-08-2022 *\/\n.elementor-column .elementor-spacer-inner{height:var(--spacer-size)}.e-container{--container-widget-width:100%}.e-container>.elementor-widget-spacer{width:var(--container-widget-width,var(--spacer-size));-ms-flex-item-align:stretch;align-self:stretch;-ms-flex-negative:0;flex-shrink:0}.e-container>.elementor-widget-spacer>.elementor-widget-container,.e-container>.elementor-widget-spacer>.elementor-widget-container>.elementor-spacer{height:100%}.e-container>.elementor-widget-spacer>.elementor-widget-container>.elementor-spacer>.elementor-spacer-inner{height:var(--container-widget-height,var(--spacer-size))}<\/style>\t\t<div class=\"elementor-spacer\">\n\t\t\t<div class=\"elementor-spacer-inner\"><\/div>\n\t\t<\/div>\n\t\t\t\t<\/div>\n\t\t\t\t<\/div>\n\t\t\t\t<div class=\"elementor-element elementor-element-0263fbc elementor-widget elementor-widget-text-editor\" data-id=\"0263fbc\" data-element_type=\"widget\" data-widget_type=\"text-editor.default\">\n\t\t\t\t<div class=\"elementor-widget-container\">\n\t\t\t<style>\/*! elementor - v3.7.3 - 29-08-2022 *\/\n.elementor-widget-text-editor.elementor-drop-cap-view-stacked .elementor-drop-cap{background-color:#818a91;color:#fff}.elementor-widget-text-editor.elementor-drop-cap-view-framed .elementor-drop-cap{color:#818a91;border:3px solid;background-color:transparent}.elementor-widget-text-editor:not(.elementor-drop-cap-view-default) .elementor-drop-cap{margin-top:8px}.elementor-widget-text-editor:not(.elementor-drop-cap-view-default) .elementor-drop-cap-letter{width:1em;height:1em}.elementor-widget-text-editor .elementor-drop-cap{float:left;text-align:center;line-height:1;font-size:50px}.elementor-widget-text-editor .elementor-drop-cap-letter{display:inline-block}<\/style>\t\t\t\t<h4 style=\"text-align: center;\">Le charme de l&#8217;ancien au c\u0153ur de l&#8217;\u00e9cusson<\/h4><h5 style=\"text-align: center;\"><span style=\"color: #000000;\"><img decoding=\"async\" class=\"emoji\" role=\"img\" draggable=\"false\" src=\"https:\/\/s.w.org\/images\/core\/emoji\/14.0.0\/svg\/2b50.svg\" alt=\"\u2b50\" \/><img decoding=\"async\" class=\"emoji\" role=\"img\" draggable=\"false\" src=\"https:\/\/s.w.org\/images\/core\/emoji\/14.0.0\/svg\/2b50.svg\" alt=\"\u2b50\" \/><img decoding=\"async\" class=\"emoji\" role=\"img\" draggable=\"false\" src=\"https:\/\/s.w.org\/images\/core\/emoji\/14.0.0\/svg\/2b50.svg\" alt=\"\u2b50\" \/><img decoding=\"async\" class=\"emoji\" role=\"img\" draggable=\"false\" src=\"https:\/\/s.w.org\/images\/core\/emoji\/14.0.0\/svg\/2b50.svg\" alt=\"\u2b50\" \/><br \/><\/span><br \/>70 M2 | 1 X CANAP\u00c9-LIT | 1 X LIT DOUBLE | 4 PERSONNES<br \/><br \/><\/h5>\t\t\t\t\t\t<\/div>\n\t\t\t\t<\/div>\n\t\t\t\t<div class=\"elementor-element elementor-element-11be9f0 elementor-widget elementor-widget-html\" data-id=\"11be9f0\" data-element_type=\"widget\" data-widget_type=\"html.default\">\n\t\t\t\t<div class=\"elementor-widget-container\">\n\t\t\t<iframe loading=\"lazy\" id=\"bookingengine\" allowfullscreen src=\"https:\/\/app.superhote.com\/#\/rental\/propertyKeyEBVsiVgcXU2H5ubH8VGcPDZaV?startDate=&endDate=&adultsNumber=1&childrenNumber=0&lang=fr\" style=\"display:block\" width=\"100%\" height=\"2850\"frameborder=\"0\"><\/iframe>\t\t<\/div>\n\t\t\t\t<\/div>\n\t\t\t\t<div class=\"elementor-element elementor-element-2a8be5f elementor-arrows-position-inside elementor-pagination-position-outside elementor-widget elementor-widget-image-carousel\" data-id=\"2a8be5f\" data-element_type=\"widget\" data-settings=\"{&quot;slides_to_show&quot;:&quot;4&quot;,&quot;autoplay_speed&quot;:7000,&quot;speed&quot;:600,&quot;image_spacing_custom&quot;:{&quot;unit&quot;:&quot;px&quot;,&quot;size&quot;:15,&quot;sizes&quot;:[]},&quot;navigation&quot;:&quot;both&quot;,&quot;autoplay&quot;:&quot;yes&quot;,&quot;pause_on_hover&quot;:&quot;yes&quot;,&quot;pause_on_interaction&quot;:&quot;yes&quot;,&quot;infinite&quot;:&quot;yes&quot;}\" data-widget_type=\"image-carousel.default\">\n\t\t\t\t<div class=\"elementor-widget-container\">\n\t\t\t<style>\/*! elementor - v3.7.3 - 29-08-2022 *\/\n.elementor-widget-image-carousel .swiper-container{position:static}.elementor-widget-image-carousel .swiper-container .swiper-slide figure{line-height:inherit}.elementor-widget-image-carousel .swiper-slide{text-align:center}.elementor-image-carousel-wrapper:not(.swiper-container-initialized) .swiper-slide{max-width:calc(100% \/ var(--e-image-carousel-slides-to-show, 3))}<\/style>\t\t<div class=\"elementor-image-carousel-wrapper swiper-container\" dir=\"ltr\">\n\t\t\t<div class=\"elementor-image-carousel swiper-wrapper\">\n\t\t\t\t\t\t\t\t<div class=\"swiper-slide\"><figure class=\"swiper-slide-inner\"><img decoding=\"async\" class=\"swiper-slide-image\" src=\"https:\/\/testvictor.eu\/wp-content\/uploads\/2022\/09\/1-1.webp\" alt=\"1\" \/><\/figure><\/div><div class=\"swiper-slide\"><figure class=\"swiper-slide-inner\"><img decoding=\"async\" class=\"swiper-slide-image\" src=\"https:\/\/testvictor.eu\/wp-content\/uploads\/2022\/09\/2-1.webp\" alt=\"2\" \/><\/figure><\/div><div class=\"swiper-slide\"><figure class=\"swiper-slide-inner\"><img decoding=\"async\" class=\"swiper-slide-image\" src=\"https:\/\/testvictor.eu\/wp-content\/uploads\/2022\/09\/3-1.webp\" alt=\"3\" \/><\/figure><\/div><div class=\"swiper-slide\"><figure class=\"swiper-slide-inner\"><img decoding=\"async\" class=\"swiper-slide-image\" src=\"https:\/\/testvictor.eu\/wp-content\/uploads\/2022\/09\/5-1.webp\" alt=\"5\" \/><\/figure><\/div><div class=\"swiper-slide\"><figure class=\"swiper-slide-inner\"><img decoding=\"async\" class=\"swiper-slide-image\" src=\"https:\/\/testvictor.eu\/wp-content\/uploads\/2022\/09\/6-1.webp\" alt=\"6\" \/><\/figure><\/div>\t\t\t<\/div>\n\t\t\t\t\t\t\t\t\t\t\t\t<div class=\"swiper-pagination\"><\/div>\n\t\t\t\t\t\t\t\t\t\t\t\t\t<div class=\"elementor-swiper-button elementor-swiper-button-prev\">\n\t\t\t\t\t\t<i aria-hidden=\"true\" class=\"eicon-chevron-left\"><\/i>\t\t\t\t\t\t<span class=\"elementor-screen-only\">Previous<\/span>\n\t\t\t\t\t<\/div>\n\t\t\t\t\t<div class=\"elementor-swiper-button elementor-swiper-button-next\">\n\t\t\t\t\t\t<i aria-hidden=\"true\" class=\"eicon-chevron-right\"><\/i>\t\t\t\t\t\t<span class=\"elementor-screen-only\">Next<\/span>\n\t\t\t\t\t<\/div>\n\t\t\t\t\t\t\t\t\t<\/div>\n\t\t\t\t<\/div>\n\t\t\t\t<\/div>\n\t\t\t\t<div class=\"elementor-element elementor-element-3a77b42 elementor-widget elementor-widget-text-editor\" data-id=\"3a77b42\" data-element_type=\"widget\" data-widget_type=\"text-editor.default\">\n\t\t\t\t<div class=\"elementor-widget-container\">\n\t\t\t\t\t\t\t<h5>Le Charme De L&#8217;ancien Au C\u0153ur De L&#8217;\u00e9cusson<\/h5><h5>Ce grand appartement dans un immeuble Haussmannien est un m\u00e9lange alliant confort moderne et charme ancien gr\u00e2ce aux tomettes d\u2019\u00e9poque et \u00e0 ses pierres apparentes. Vous serez s\u00e9duit par la luminosit\u00e9 et le charme de ce cocon id\u00e9alement plac\u00e9 \u00e0 quelques m\u00e8tres de la cath\u00e9drale de N\u00eemes et de la Maison Carr\u00e9e.<\/h5><h5>En plein c\u0153ur de l\u2019\u00e9cusson et \u00e0 deux pas des Halles de N\u00eemes, cet appartement vous offre la promesse de vivre comme un v\u00e9ritable n\u00eemois en profitant \u00e0 pied de tous les lieux et sp\u00e9cialit\u00e9s \u00e0 d\u00e9couvrir.<\/h5><p>\u00a0<\/p><div class=\"room-model-2__amenities--title pl1\"><h5 class=\"j-block-subtitle style__subtitle\" style=\"text-align: center;\">EQUIPEMENTS DE L&#8217;APPARTEMENT<\/h5><\/div><div class=\"room__amenities--list mt1\"><h5 class=\"j-block-text style__text\" style=\"text-align: center;\">TV<\/h5><h5 class=\"j-block-text style__text\" style=\"text-align: center;\">Wi-fi<\/h5><h5 class=\"j-block-text style__text\" style=\"text-align: center;\">Penderie<\/h5><h5 class=\"j-block-text style__text\" style=\"text-align: center;\">Ventilateur<\/h5><h5 class=\"j-block-text style__text\" style=\"text-align: center;\">Salon<\/h5><h5 class=\"j-block-text style__text\" style=\"text-align: center;\">Ecran TV plat<\/h5><\/div>\t\t\t\t\t\t<\/div>\n\t\t\t\t<\/div>\n\t\t\t\t<div class=\"elementor-element elementor-element-1d78de1 elementor-widget elementor-widget-image\" data-id=\"1d78de1\" data-element_type=\"widget\" data-widget_type=\"image.default\">\n\t\t\t\t<div class=\"elementor-widget-container\">\n\t\t\t<style>\/*! elementor - v3.7.3 - 29-08-2022 *\/\n.elementor-widget-image{text-align:center}.elementor-widget-image a{display:inline-block}.elementor-widget-image a img[src$=\".svg\"]{width:48px}.elementor-widget-image img{vertical-align:middle;display:inline-block}<\/style>\t\t\t\t\t\t\t\t\t\t\t\t<img loading=\"lazy\" decoding=\"async\" width=\"1000\" height=\"664\" src=\"https:\/\/testvictor.eu\/wp-content\/uploads\/2022\/09\/nimes-terrasse.jpg\" class=\"attachment-large size-large\" alt=\"\" srcset=\"https:\/\/testvictor.eu\/wp-content\/uploads\/2022\/09\/nimes-terrasse.jpg 1000w, https:\/\/testvictor.eu\/wp-content\/uploads\/2022\/09\/nimes-terrasse-300x199.jpg 300w, https:\/\/testvictor.eu\/wp-content\/uploads\/2022\/09\/nimes-terrasse-768x510.jpg 768w\" sizes=\"auto, (max-width: 1000px) 100vw, 1000px\" \/>\t\t\t\t\t\t\t\t\t\t\t\t\t\t\t<\/div>\n\t\t\t\t<\/div>\n\t\t\t\t\t<\/div>\n\t\t<\/div>\n\t\t\t\t\t\t\t<\/div>\n\t\t<\/section>\n\t\t\t\t\t\t\t<\/div>\n\t\t","protected":false},"excerpt":{"rendered":"<p>Le charme de l&#8217;ancien au c\u0153ur de l&#8217;\u00e9cusson 70 M2 | 1 X CANAP\u00c9-LIT | 1 X LIT DOUBLE | 4 PERSONNES Pr\u00e9c\u00e9dent Suivant Le Charme De L&#8217;ancien Au C\u0153ur De L&#8217;\u00e9cusson Ce grand appartement dans un immeuble Haussmannien est un m\u00e9lange alliant confort moderne et charme ancien gr\u00e2ce aux tomettes d\u2019\u00e9poque et \u00e0 ses &hellip;<\/p>\n<p class=\"read-more\"> <a class=\"\" href=\"https:\/\/testvictor.eu\/index.php\/le-charme-de-lancien-nimes-ecusson\/\"> <span class=\"screen-reader-text\">Le charme de l&#8217;ancien au c\u0153ur de l&#8217;\u00e9cusson<\/span> Read More &raquo;<\/a><\/p>\n","protected":false},"author":1,"featured_media":0,"parent":0,"menu_order":0,"comment_status":"closed","ping_status":"closed","template":"","meta":{"site-sidebar-layout":"no-sidebar","site-content-layout":"page-builder","ast-global-header-display":"","ast-main-header-display":"","ast-hfb-above-header-display":"","ast-hfb-below-header-display":"","ast-hfb-mobile-header-display":"","site-post-title":"disabled","ast-breadcrumbs-content":null,"ast-featured-img":"disabled","footer-sml-layout":null,"theme-transparent-header-meta":"","adv-header-id-meta":null,"stick-header-meta":null,"header-above-stick-meta":null,"header-main-stick-meta":null,"header-below-stick-meta":null,"ngg_post_thumbnail":0,"footnotes":""},"class_list":["post-546","page","type-page","status-publish","hentry"],"uagb_featured_image_src":{"full":false,"thumbnail":false,"medium":false,"medium_large":false,"large":false,"1536x1536":false,"2048x2048":false},"uagb_author_info":{"display_name":"admin3543","author_link":"https:\/\/testvictor.eu\/index.php\/author\/admin3543\/"},"uagb_comment_info":0,"uagb_excerpt":"Le charme de l&#8217;ancien au c\u0153ur de l&#8217;\u00e9cusson 70 M2 | 1 X CANAP\u00c9-LIT | 1 X LIT DOUBLE | 4 PERSONNES Pr\u00e9c\u00e9dent Suivant Le Charme De L&#8217;ancien Au C\u0153ur De L&#8217;\u00e9cusson Ce grand appartement dans un immeuble Haussmannien est un m\u00e9lange alliant confort moderne et charme ancien gr\u00e2ce aux tomettes d\u2019\u00e9poque et \u00e0 ses&hellip;","_links":{"self":[{"href":"https:\/\/testvictor.eu\/index.php\/wp-json\/wp\/v2\/pages\/546","targetHints":{"allow":["GET"]}}],"collection":[{"href":"https:\/\/testvictor.eu\/index.php\/wp-json\/wp\/v2\/pages"}],"about":[{"href":"https:\/\/testvictor.eu\/index.php\/wp-json\/wp\/v2\/types\/page"}],"author":[{"embeddable":true,"href":"https:\/\/testvictor.eu\/index.php\/wp-json\/wp\/v2\/users\/1"}],"replies":[{"embeddable":true,"href":"https:\/\/testvictor.eu\/index.php\/wp-json\/wp\/v2\/comments?post=546"}],"version-history":[{"count":27,"href":"https:\/\/testvictor.eu\/index.php\/wp-json\/wp\/v2\/pages\/546\/revisions"}],"predecessor-version":[{"id":1545,"href":"https:\/\/testvictor.eu\/index.php\/wp-json\/wp\/v2\/pages\/546\/revisions\/1545"}],"wp:attachment":[{"href":"https:\/\/testvictor.eu\/index.php\/wp-json\/wp\/v2\/media?parent=546"}],"curies":[{"name":"wp","href":"https:\/\/api.w.org\/{rel}","templated":true}]}}