{"id":493,"date":"2022-09-09T13:07:36","date_gmt":"2022-09-09T11:07:36","guid":{"rendered":"http:\/\/testvictor.eu\/?page_id=493"},"modified":"2022-11-24T15:04:36","modified_gmt":"2022-11-24T14:04:36","slug":"appartement-au-pied-de-la-maison-carree","status":"publish","type":"page","link":"https:\/\/testvictor.eu\/index.php\/appartement-au-pied-de-la-maison-carree\/","title":{"rendered":"Appartement au pied de la Maison Carr\u00e9e"},"content":{"rendered":"\t\t<div data-elementor-type=\"wp-page\" data-elementor-id=\"493\" class=\"elementor elementor-493\">\n\t\t\t\t\t\t\t\t\t<section class=\"elementor-section elementor-top-section elementor-element elementor-element-c47d45e elementor-section-boxed elementor-section-height-default elementor-section-height-default\" data-id=\"c47d45e\" data-element_type=\"section\">\n\t\t\t\t\t\t<div class=\"elementor-container elementor-column-gap-default\">\n\t\t\t\t\t<div class=\"elementor-column elementor-col-100 elementor-top-column elementor-element elementor-element-b12542d\" data-id=\"b12542d\" data-element_type=\"column\">\n\t\t\t<div class=\"elementor-widget-wrap elementor-element-populated\">\n\t\t\t\t\t\t\t\t<div class=\"elementor-element elementor-element-9367c1a e-transform elementor-widget elementor-widget-spacer\" data-id=\"9367c1a\" data-element_type=\"widget\" data-settings=\"{&quot;_transform_translateY_effect&quot;:{&quot;unit&quot;:&quot;px&quot;,&quot;size&quot;:0,&quot;sizes&quot;:[]},&quot;_transform_translateX_effect&quot;:{&quot;unit&quot;:&quot;px&quot;,&quot;size&quot;:&quot;&quot;,&quot;sizes&quot;:[]},&quot;_transform_translateX_effect_tablet&quot;:{&quot;unit&quot;:&quot;px&quot;,&quot;size&quot;:&quot;&quot;,&quot;sizes&quot;:[]},&quot;_transform_translateX_effect_mobile&quot;:{&quot;unit&quot;:&quot;px&quot;,&quot;size&quot;:&quot;&quot;,&quot;sizes&quot;:[]},&quot;_transform_translateY_effect_tablet&quot;:{&quot;unit&quot;:&quot;px&quot;,&quot;size&quot;:&quot;&quot;,&quot;sizes&quot;:[]},&quot;_transform_translateY_effect_mobile&quot;:{&quot;unit&quot;:&quot;px&quot;,&quot;size&quot;:&quot;&quot;,&quot;sizes&quot;:[]}}\" data-widget_type=\"spacer.default\">\n\t\t\t\t<div class=\"elementor-widget-container\">\n\t\t\t<style>\/*! elementor - v3.7.3 - 29-08-2022 *\/\n.elementor-column .elementor-spacer-inner{height:var(--spacer-size)}.e-container{--container-widget-width:100%}.e-container>.elementor-widget-spacer{width:var(--container-widget-width,var(--spacer-size));-ms-flex-item-align:stretch;align-self:stretch;-ms-flex-negative:0;flex-shrink:0}.e-container>.elementor-widget-spacer>.elementor-widget-container,.e-container>.elementor-widget-spacer>.elementor-widget-container>.elementor-spacer{height:100%}.e-container>.elementor-widget-spacer>.elementor-widget-container>.elementor-spacer>.elementor-spacer-inner{height:var(--container-widget-height,var(--spacer-size))}<\/style>\t\t<div class=\"elementor-spacer\">\n\t\t\t<div class=\"elementor-spacer-inner\"><\/div>\n\t\t<\/div>\n\t\t\t\t<\/div>\n\t\t\t\t<\/div>\n\t\t\t\t<div class=\"elementor-element elementor-element-a5daa88 elementor-widget elementor-widget-text-editor\" data-id=\"a5daa88\" data-element_type=\"widget\" data-widget_type=\"text-editor.default\">\n\t\t\t\t<div class=\"elementor-widget-container\">\n\t\t\t<style>\/*! elementor - v3.7.3 - 29-08-2022 *\/\n.elementor-widget-text-editor.elementor-drop-cap-view-stacked .elementor-drop-cap{background-color:#818a91;color:#fff}.elementor-widget-text-editor.elementor-drop-cap-view-framed .elementor-drop-cap{color:#818a91;border:3px solid;background-color:transparent}.elementor-widget-text-editor:not(.elementor-drop-cap-view-default) .elementor-drop-cap{margin-top:8px}.elementor-widget-text-editor:not(.elementor-drop-cap-view-default) .elementor-drop-cap-letter{width:1em;height:1em}.elementor-widget-text-editor .elementor-drop-cap{float:left;text-align:center;line-height:1;font-size:50px}.elementor-widget-text-editor .elementor-drop-cap-letter{display:inline-block}<\/style>\t\t\t\t<h4 style=\"text-align: center;\">Appartement au pied de la Maison Carr\u00e9e<\/h4><h5 class=\"LC20lb MBeuO DKV0Md\" style=\"text-align: center;\"><span style=\"color: #000000;\">\u2b50\u2b50\u2b50\u2b50<br \/><\/span><br \/>50 M2 | 1 X CANAP\u00c9-LIT | 1 X LIT DOUBLE | 4 PERSONNES<br \/><br \/><\/h5>\t\t\t\t\t\t<\/div>\n\t\t\t\t<\/div>\n\t\t\t\t<div class=\"elementor-element elementor-element-b5ea36c elementor-widget elementor-widget-html\" data-id=\"b5ea36c\" data-element_type=\"widget\" data-widget_type=\"html.default\">\n\t\t\t\t<div class=\"elementor-widget-container\">\n\t\t\t<iframe loading=\"lazy\" id=\"bookingengine\" allowfullscreen src=\"https:\/\/app.superhote.com\/#\/rental\/propertyKey3mi5dt9AVE4rxfVjYIayrCJep?startDate=&endDate=&adultsNumber=1&childrenNumber=0&lang=fr\" style=\"display:block\" width=\"100%\" height=\"2000\"frameborder=\"0\"><\/iframe>\t\t<\/div>\n\t\t\t\t<\/div>\n\t\t\t\t<div class=\"elementor-element elementor-element-edea78c elementor-arrows-position-inside elementor-pagination-position-outside elementor-widget elementor-widget-image-carousel\" data-id=\"edea78c\" data-element_type=\"widget\" data-settings=\"{&quot;slides_to_show&quot;:&quot;4&quot;,&quot;autoplay_speed&quot;:7000,&quot;speed&quot;:600,&quot;image_spacing_custom&quot;:{&quot;unit&quot;:&quot;px&quot;,&quot;size&quot;:15,&quot;sizes&quot;:[]},&quot;navigation&quot;:&quot;both&quot;,&quot;autoplay&quot;:&quot;yes&quot;,&quot;pause_on_hover&quot;:&quot;yes&quot;,&quot;pause_on_interaction&quot;:&quot;yes&quot;,&quot;infinite&quot;:&quot;yes&quot;}\" data-widget_type=\"image-carousel.default\">\n\t\t\t\t<div class=\"elementor-widget-container\">\n\t\t\t<style>\/*! elementor - v3.7.3 - 29-08-2022 *\/\n.elementor-widget-image-carousel .swiper-container{position:static}.elementor-widget-image-carousel .swiper-container .swiper-slide figure{line-height:inherit}.elementor-widget-image-carousel .swiper-slide{text-align:center}.elementor-image-carousel-wrapper:not(.swiper-container-initialized) .swiper-slide{max-width:calc(100% \/ var(--e-image-carousel-slides-to-show, 3))}<\/style>\t\t<div class=\"elementor-image-carousel-wrapper swiper-container\" dir=\"ltr\">\n\t\t\t<div class=\"elementor-image-carousel swiper-wrapper\">\n\t\t\t\t\t\t\t\t<div class=\"swiper-slide\"><figure class=\"swiper-slide-inner\"><img decoding=\"async\" class=\"swiper-slide-image\" src=\"https:\/\/testvictor.eu\/wp-content\/uploads\/2022\/09\/8.webp\" alt=\"8\" \/><\/figure><\/div><div class=\"swiper-slide\"><figure class=\"swiper-slide-inner\"><img decoding=\"async\" class=\"swiper-slide-image\" src=\"https:\/\/testvictor.eu\/wp-content\/uploads\/2022\/09\/7-1.webp\" alt=\"7\" \/><\/figure><\/div><div class=\"swiper-slide\"><figure class=\"swiper-slide-inner\"><img decoding=\"async\" class=\"swiper-slide-image\" src=\"https:\/\/testvictor.eu\/wp-content\/uploads\/2022\/09\/6.webp\" alt=\"6\" \/><\/figure><\/div><div class=\"swiper-slide\"><figure class=\"swiper-slide-inner\"><img decoding=\"async\" class=\"swiper-slide-image\" src=\"https:\/\/testvictor.eu\/wp-content\/uploads\/2022\/09\/5.webp\" alt=\"5\" \/><\/figure><\/div><div class=\"swiper-slide\"><figure class=\"swiper-slide-inner\"><img decoding=\"async\" class=\"swiper-slide-image\" src=\"https:\/\/testvictor.eu\/wp-content\/uploads\/2022\/09\/3.webp\" alt=\"3\" \/><\/figure><\/div><div class=\"swiper-slide\"><figure class=\"swiper-slide-inner\"><img decoding=\"async\" class=\"swiper-slide-image\" src=\"https:\/\/testvictor.eu\/wp-content\/uploads\/2022\/09\/2.webp\" alt=\"2\" \/><\/figure><\/div><div class=\"swiper-slide\"><figure class=\"swiper-slide-inner\"><img decoding=\"async\" class=\"swiper-slide-image\" src=\"https:\/\/testvictor.eu\/wp-content\/uploads\/2022\/09\/1-4.webp\" alt=\"1\" \/><\/figure><\/div>\t\t\t<\/div>\n\t\t\t\t\t\t\t\t\t\t\t\t<div class=\"swiper-pagination\"><\/div>\n\t\t\t\t\t\t\t\t\t\t\t\t\t<div class=\"elementor-swiper-button elementor-swiper-button-prev\">\n\t\t\t\t\t\t<i aria-hidden=\"true\" class=\"eicon-chevron-left\"><\/i>\t\t\t\t\t\t<span class=\"elementor-screen-only\">Previous<\/span>\n\t\t\t\t\t<\/div>\n\t\t\t\t\t<div class=\"elementor-swiper-button elementor-swiper-button-next\">\n\t\t\t\t\t\t<i aria-hidden=\"true\" class=\"eicon-chevron-right\"><\/i>\t\t\t\t\t\t<span class=\"elementor-screen-only\">Next<\/span>\n\t\t\t\t\t<\/div>\n\t\t\t\t\t\t\t\t\t<\/div>\n\t\t\t\t<\/div>\n\t\t\t\t<\/div>\n\t\t\t\t<div class=\"elementor-element elementor-element-a8b921b elementor-widget elementor-widget-text-editor\" data-id=\"a8b921b\" data-element_type=\"widget\" data-widget_type=\"text-editor.default\">\n\t\t\t\t<div class=\"elementor-widget-container\">\n\t\t\t\t\t\t\t<h5 style=\"text-align: center;\">Spacieux et chaleureux appartement situ\u00e9 dans la rue de la Maison Carr\u00e9e <br \/>\u00e0 deux pas du plus haut lieu touristique de N\u00eemes.<\/h5><h5 style=\"text-align: center;\">Au c\u0153ur de l&#8217;\u00e9cusson et \u00e0 deux pas des Ar\u00e8nes,<br \/>cet appartement class\u00e9 3 \u00e9toiles vous offre la promesse de vivre comme un v\u00e9ritable n\u00eemois <br \/>en profitant \u00e0 pied de tous les lieux \u00e0 visiter et de toutes les sp\u00e9cialit\u00e9s \u00e0 d\u00e9guster.<\/h5><h5 style=\"text-align: center;\"><br \/>\u00c9quipements :<br \/>TV <br \/>Wi-fi<br \/>Penderie <br \/>S\u00e8che-cheveux <br \/>Douche Cha\u00eenes cabl\u00e9es <br \/>Ecran TV plat <br \/>Salle \u00e0 manger<\/h5>\t\t\t\t\t\t<\/div>\n\t\t\t\t<\/div>\n\t\t\t\t<div class=\"elementor-element elementor-element-c612ddf elementor-widget elementor-widget-image\" data-id=\"c612ddf\" data-element_type=\"widget\" data-widget_type=\"image.default\">\n\t\t\t\t<div class=\"elementor-widget-container\">\n\t\t\t<style>\/*! elementor - v3.7.3 - 29-08-2022 *\/\n.elementor-widget-image{text-align:center}.elementor-widget-image a{display:inline-block}.elementor-widget-image a img[src$=\".svg\"]{width:48px}.elementor-widget-image img{vertical-align:middle;display:inline-block}<\/style>\t\t\t\t\t\t\t\t\t\t\t\t<img loading=\"lazy\" decoding=\"async\" width=\"1024\" height=\"468\" src=\"https:\/\/testvictor.eu\/wp-content\/uploads\/2022\/09\/Maison-Carree-nimes-scaled-2-e1662724768690-1024x468.jpg\" class=\"attachment-large size-large\" alt=\"\" srcset=\"https:\/\/testvictor.eu\/wp-content\/uploads\/2022\/09\/Maison-Carree-nimes-scaled-2-e1662724768690-1024x468.jpg 1024w, https:\/\/testvictor.eu\/wp-content\/uploads\/2022\/09\/Maison-Carree-nimes-scaled-2-e1662724768690-300x137.jpg 300w, https:\/\/testvictor.eu\/wp-content\/uploads\/2022\/09\/Maison-Carree-nimes-scaled-2-e1662724768690-768x351.jpg 768w, https:\/\/testvictor.eu\/wp-content\/uploads\/2022\/09\/Maison-Carree-nimes-scaled-2-e1662724768690-1536x702.jpg 1536w, https:\/\/testvictor.eu\/wp-content\/uploads\/2022\/09\/Maison-Carree-nimes-scaled-2-e1662724768690.jpg 2048w\" sizes=\"auto, (max-width: 1024px) 100vw, 1024px\" \/>\t\t\t\t\t\t\t\t\t\t\t\t\t\t\t<\/div>\n\t\t\t\t<\/div>\n\t\t\t\t\t<\/div>\n\t\t<\/div>\n\t\t\t\t\t\t\t<\/div>\n\t\t<\/section>\n\t\t\t\t\t\t\t<\/div>\n\t\t","protected":false},"excerpt":{"rendered":"<p>Appartement au pied de la Maison Carr\u00e9e \u2b50\u2b50\u2b50\u2b50 50 M2 | 1 X CANAP\u00c9-LIT | 1 X LIT DOUBLE | 4 PERSONNES Pr\u00e9c\u00e9dent Suivant Spacieux et chaleureux appartement situ\u00e9 dans la rue de la Maison Carr\u00e9e \u00e0 deux pas du plus haut lieu touristique de N\u00eemes. Au c\u0153ur de l&#8217;\u00e9cusson et \u00e0 deux pas des &hellip;<\/p>\n<p class=\"read-more\"> <a class=\"\" href=\"https:\/\/testvictor.eu\/index.php\/appartement-au-pied-de-la-maison-carree\/\"> <span class=\"screen-reader-text\">Appartement au pied de la Maison Carr\u00e9e<\/span> Read More &raquo;<\/a><\/p>\n","protected":false},"author":1,"featured_media":0,"parent":0,"menu_order":0,"comment_status":"closed","ping_status":"closed","template":"","meta":{"site-sidebar-layout":"no-sidebar","site-content-layout":"page-builder","ast-global-header-display":"","ast-main-header-display":"","ast-hfb-above-header-display":"","ast-hfb-below-header-display":"","ast-hfb-mobile-header-display":"","site-post-title":"disabled","ast-breadcrumbs-content":null,"ast-featured-img":"disabled","footer-sml-layout":null,"theme-transparent-header-meta":"","adv-header-id-meta":null,"stick-header-meta":null,"header-above-stick-meta":null,"header-main-stick-meta":null,"header-below-stick-meta":null,"ngg_post_thumbnail":0,"footnotes":""},"class_list":["post-493","page","type-page","status-publish","hentry"],"uagb_featured_image_src":{"full":false,"thumbnail":false,"medium":false,"medium_large":false,"large":false,"1536x1536":false,"2048x2048":false},"uagb_author_info":{"display_name":"admin3543","author_link":"https:\/\/testvictor.eu\/index.php\/author\/admin3543\/"},"uagb_comment_info":0,"uagb_excerpt":"Appartement au pied de la Maison Carr\u00e9e \u2b50\u2b50\u2b50\u2b50 50 M2 | 1 X CANAP\u00c9-LIT | 1 X LIT DOUBLE | 4 PERSONNES Pr\u00e9c\u00e9dent Suivant Spacieux et chaleureux appartement situ\u00e9 dans la rue de la Maison Carr\u00e9e \u00e0 deux pas du plus haut lieu touristique de N\u00eemes. Au c\u0153ur de l&#8217;\u00e9cusson et \u00e0 deux pas des&hellip;","_links":{"self":[{"href":"https:\/\/testvictor.eu\/index.php\/wp-json\/wp\/v2\/pages\/493","targetHints":{"allow":["GET"]}}],"collection":[{"href":"https:\/\/testvictor.eu\/index.php\/wp-json\/wp\/v2\/pages"}],"about":[{"href":"https:\/\/testvictor.eu\/index.php\/wp-json\/wp\/v2\/types\/page"}],"author":[{"embeddable":true,"href":"https:\/\/testvictor.eu\/index.php\/wp-json\/wp\/v2\/users\/1"}],"replies":[{"embeddable":true,"href":"https:\/\/testvictor.eu\/index.php\/wp-json\/wp\/v2\/comments?post=493"}],"version-history":[{"count":59,"href":"https:\/\/testvictor.eu\/index.php\/wp-json\/wp\/v2\/pages\/493\/revisions"}],"predecessor-version":[{"id":1473,"href":"https:\/\/testvictor.eu\/index.php\/wp-json\/wp\/v2\/pages\/493\/revisions\/1473"}],"wp:attachment":[{"href":"https:\/\/testvictor.eu\/index.php\/wp-json\/wp\/v2\/media?parent=493"}],"curies":[{"name":"wp","href":"https:\/\/api.w.org\/{rel}","templated":true}]}}