{"id":1035,"date":"2022-10-06T16:11:57","date_gmt":"2022-10-06T14:11:57","guid":{"rendered":"http:\/\/testvictor.eu\/?page_id=1035"},"modified":"2022-11-24T14:39:13","modified_gmt":"2022-11-24T13:39:13","slug":"ou-stationner","status":"publish","type":"page","link":"https:\/\/testvictor.eu\/index.php\/ou-stationner\/","title":{"rendered":"O\u00f9 stationner ?"},"content":{"rendered":"\t\t<div data-elementor-type=\"wp-page\" data-elementor-id=\"1035\" class=\"elementor elementor-1035\">\n\t\t\t\t\t\t\t\t\t<section class=\"elementor-section elementor-top-section elementor-element elementor-element-3a7d94f elementor-section-boxed elementor-section-height-default elementor-section-height-default\" data-id=\"3a7d94f\" data-element_type=\"section\">\n\t\t\t\t\t\t<div class=\"elementor-container elementor-column-gap-default\">\n\t\t\t\t\t<div class=\"elementor-column elementor-col-100 elementor-top-column elementor-element elementor-element-93a099d\" data-id=\"93a099d\" data-element_type=\"column\">\n\t\t\t<div class=\"elementor-widget-wrap elementor-element-populated\">\n\t\t\t\t\t\t\t\t<div class=\"elementor-element elementor-element-903e3b4 elementor-widget elementor-widget-heading\" data-id=\"903e3b4\" data-element_type=\"widget\" data-widget_type=\"heading.default\">\n\t\t\t\t<div class=\"elementor-widget-container\">\n\t\t\t<style>\/*! elementor - v3.7.3 - 29-08-2022 *\/\n.elementor-heading-title{padding:0;margin:0;line-height:1}.elementor-widget-heading .elementor-heading-title[class*=elementor-size-]>a{color:inherit;font-size:inherit;line-height:inherit}.elementor-widget-heading .elementor-heading-title.elementor-size-small{font-size:15px}.elementor-widget-heading .elementor-heading-title.elementor-size-medium{font-size:19px}.elementor-widget-heading .elementor-heading-title.elementor-size-large{font-size:29px}.elementor-widget-heading .elementor-heading-title.elementor-size-xl{font-size:39px}.elementor-widget-heading .elementor-heading-title.elementor-size-xxl{font-size:59px}<\/style><h2 class=\"elementor-heading-title elementor-size-default\">O\u00f9 stationner dans N\u00eemes ?<\/h2>\t\t<\/div>\n\t\t\t\t<\/div>\n\t\t\t\t<div class=\"elementor-element elementor-element-6a9d025 elementor-widget elementor-widget-image\" data-id=\"6a9d025\" data-element_type=\"widget\" data-widget_type=\"image.default\">\n\t\t\t\t<div class=\"elementor-widget-container\">\n\t\t\t<style>\/*! elementor - v3.7.3 - 29-08-2022 *\/\n.elementor-widget-image{text-align:center}.elementor-widget-image a{display:inline-block}.elementor-widget-image a img[src$=\".svg\"]{width:48px}.elementor-widget-image img{vertical-align:middle;display:inline-block}<\/style>\t\t\t\t\t\t\t\t\t\t\t\t<img loading=\"lazy\" decoding=\"async\" width=\"768\" height=\"472\" src=\"https:\/\/testvictor.eu\/wp-content\/uploads\/2022\/10\/Parkign-ou-stationner-Nimes-768x472.jpg\" class=\"attachment-medium_large size-medium_large\" alt=\"\" srcset=\"https:\/\/testvictor.eu\/wp-content\/uploads\/2022\/10\/Parkign-ou-stationner-Nimes-768x472.jpg 768w, https:\/\/testvictor.eu\/wp-content\/uploads\/2022\/10\/Parkign-ou-stationner-Nimes-300x184.jpg 300w, https:\/\/testvictor.eu\/wp-content\/uploads\/2022\/10\/Parkign-ou-stationner-Nimes.jpg 1024w\" sizes=\"auto, (max-width: 768px) 100vw, 768px\" \/>\t\t\t\t\t\t\t\t\t\t\t\t\t\t\t<\/div>\n\t\t\t\t<\/div>\n\t\t\t\t<div class=\"elementor-element elementor-element-52bee09 elementor-widget elementor-widget-text-editor\" data-id=\"52bee09\" data-element_type=\"widget\" data-widget_type=\"text-editor.default\">\n\t\t\t\t<div class=\"elementor-widget-container\">\n\t\t\t<style>\/*! elementor - v3.7.3 - 29-08-2022 *\/\n.elementor-widget-text-editor.elementor-drop-cap-view-stacked .elementor-drop-cap{background-color:#818a91;color:#fff}.elementor-widget-text-editor.elementor-drop-cap-view-framed .elementor-drop-cap{color:#818a91;border:3px solid;background-color:transparent}.elementor-widget-text-editor:not(.elementor-drop-cap-view-default) .elementor-drop-cap{margin-top:8px}.elementor-widget-text-editor:not(.elementor-drop-cap-view-default) .elementor-drop-cap-letter{width:1em;height:1em}.elementor-widget-text-editor .elementor-drop-cap{float:left;text-align:center;line-height:1;font-size:50px}.elementor-widget-text-editor .elementor-drop-cap-letter{display:inline-block}<\/style>\t\t\t\t<p><strong>Les appartements ne disposent pas de place de parking ou de garage puisqu&#8217;ils se situent dans le c\u0153ur pi\u00e9ton de la ville.<\/strong><\/p><p>Si vous \u00eates v\u00e9hicul\u00e9s vous avez plusieurs options entre :<br \/>Le stationnement dans la rue (avec une pr\u00e9f\u00e9rences dans les rues surlign\u00e9es en orange sur la carte) qui est payant toute la semaine entre 9h00 et 18h00 et de 9h00 \u00e0 12h00 le samedi, avec 30 minutes gratuites par jour et gratuit\u00e9 entre 12h et 14h et le reste du temps.<br \/>Prix \u00e0 la journ\u00e9e : 12\u20ac<\/p><p>Si vous pr\u00e9f\u00e9rez les parkings souterrains, vous avez plusieurs possibilit\u00e9s \u00e0 moins de 500 m\u00e8tres de nos appartements qui sont repr\u00e9sent\u00e9es par des \u00e9toiles oranges sur le plan :<br \/>&#8211;\u00a0<a title=\"\" href=\"https:\/\/fr.parkindigo.com\/parking\/nimes-30000\/arenes-30000100\" target=\"_blank\" rel=\"noopener\" data-original-title=\"\"><strong>Le parking des Ar\u00e8nes<\/strong>\u00a0<\/a>,<br \/>&#8211;\u00a0<a title=\"\" href=\"https:\/\/fr.parkindigo.com\/parking\/nimes-30900\/maison-carree-30000600\" target=\"_blank\" rel=\"noopener\" data-original-title=\"\"><strong>Le parking de la Maison Carr\u00e9e<\/strong>\u00a0<\/a>,<br \/>&#8211;\u00a0<a title=\"\" href=\"https:\/\/www.interparking-france.com\/parking-nimes\/fr\/park\/parking-les-halles\/?utm_source=My%2520Business&amp;utm_medium=Lien&amp;utm_campaign=Halles\" target=\"_blank\" rel=\"noopener\" data-original-title=\"\"><strong>Le parking des Halles<\/strong>\u00a0<\/a>.<\/p><p><strong>Gratuit les 30 premi\u00e8res minutes puis payant jusqu&#8217;\u00e0 21,30\u20ac pour une journ\u00e9e compl\u00e8te.<\/strong><\/p>\t\t\t\t\t\t<\/div>\n\t\t\t\t<\/div>\n\t\t\t\t\t<\/div>\n\t\t<\/div>\n\t\t\t\t\t\t\t<\/div>\n\t\t<\/section>\n\t\t\t\t<section class=\"elementor-section elementor-top-section elementor-element elementor-element-b4f5ea2 elementor-section-boxed elementor-section-height-default elementor-section-height-default\" data-id=\"b4f5ea2\" data-element_type=\"section\">\n\t\t\t\t\t\t<div class=\"elementor-container elementor-column-gap-default\">\n\t\t\t\t\t<div class=\"elementor-column elementor-col-100 elementor-top-column elementor-element elementor-element-932f3c4\" data-id=\"932f3c4\" data-element_type=\"column\">\n\t\t\t<div class=\"elementor-widget-wrap\">\n\t\t\t\t\t\t\t\t\t<\/div>\n\t\t<\/div>\n\t\t\t\t\t\t\t<\/div>\n\t\t<\/section>\n\t\t\t\t\t\t\t<\/div>\n\t\t","protected":false},"excerpt":{"rendered":"<p>O\u00f9 stationner dans N\u00eemes ? Les appartements ne disposent pas de place de parking ou de garage puisqu&#8217;ils se situent dans le c\u0153ur pi\u00e9ton de la ville. Si vous \u00eates v\u00e9hicul\u00e9s vous avez plusieurs options entre :Le stationnement dans la rue (avec une pr\u00e9f\u00e9rences dans les rues surlign\u00e9es en orange sur la carte) qui est &hellip;<\/p>\n<p class=\"read-more\"> <a class=\"\" href=\"https:\/\/testvictor.eu\/index.php\/ou-stationner\/\"> <span class=\"screen-reader-text\">O\u00f9 stationner ?<\/span> Read More &raquo;<\/a><\/p>\n","protected":false},"author":1,"featured_media":0,"parent":0,"menu_order":0,"comment_status":"closed","ping_status":"closed","template":"","meta":{"site-sidebar-layout":"no-sidebar","site-content-layout":"page-builder","ast-global-header-display":"","ast-main-header-display":"","ast-hfb-above-header-display":"","ast-hfb-below-header-display":"","ast-hfb-mobile-header-display":"","site-post-title":"disabled","ast-breadcrumbs-content":null,"ast-featured-img":"disabled","footer-sml-layout":null,"theme-transparent-header-meta":"","adv-header-id-meta":null,"stick-header-meta":null,"header-above-stick-meta":null,"header-main-stick-meta":null,"header-below-stick-meta":null,"ngg_post_thumbnail":0,"footnotes":""},"class_list":["post-1035","page","type-page","status-publish","hentry"],"uagb_featured_image_src":{"full":false,"thumbnail":false,"medium":false,"medium_large":false,"large":false,"1536x1536":false,"2048x2048":false},"uagb_author_info":{"display_name":"admin3543","author_link":"https:\/\/testvictor.eu\/index.php\/author\/admin3543\/"},"uagb_comment_info":0,"uagb_excerpt":"O\u00f9 stationner dans N\u00eemes ? Les appartements ne disposent pas de place de parking ou de garage puisqu&#8217;ils se situent dans le c\u0153ur pi\u00e9ton de la ville. Si vous \u00eates v\u00e9hicul\u00e9s vous avez plusieurs options entre :Le stationnement dans la rue (avec une pr\u00e9f\u00e9rences dans les rues surlign\u00e9es en orange sur la carte) qui est&hellip;","_links":{"self":[{"href":"https:\/\/testvictor.eu\/index.php\/wp-json\/wp\/v2\/pages\/1035","targetHints":{"allow":["GET"]}}],"collection":[{"href":"https:\/\/testvictor.eu\/index.php\/wp-json\/wp\/v2\/pages"}],"about":[{"href":"https:\/\/testvictor.eu\/index.php\/wp-json\/wp\/v2\/types\/page"}],"author":[{"embeddable":true,"href":"https:\/\/testvictor.eu\/index.php\/wp-json\/wp\/v2\/users\/1"}],"replies":[{"embeddable":true,"href":"https:\/\/testvictor.eu\/index.php\/wp-json\/wp\/v2\/comments?post=1035"}],"version-history":[{"count":23,"href":"https:\/\/testvictor.eu\/index.php\/wp-json\/wp\/v2\/pages\/1035\/revisions"}],"predecessor-version":[{"id":1408,"href":"https:\/\/testvictor.eu\/index.php\/wp-json\/wp\/v2\/pages\/1035\/revisions\/1408"}],"wp:attachment":[{"href":"https:\/\/testvictor.eu\/index.php\/wp-json\/wp\/v2\/media?parent=1035"}],"curies":[{"name":"wp","href":"https:\/\/api.w.org\/{rel}","templated":true}]}}